{"id":681,"date":"2019-11-06T03:34:10","date_gmt":"2019-11-06T03:34:10","guid":{"rendered":"http:\/\/wpdemo.archiwp.com\/onum\/?page_id=681"},"modified":"2023-06-08T11:47:56","modified_gmt":"2023-06-08T09:47:56","slug":"professional-team","status":"publish","type":"page","link":"https:\/\/virtual-basement.de\/?page_id=681","title":{"rendered":"Professional Team"},"content":{"rendered":"\t\t<div data-elementor-type=\"wp-page\" data-elementor-id=\"681\" class=\"elementor elementor-681\">\n\t\t\t\t\t\t<section class=\"elementor-section elementor-top-section elementor-element elementor-element-d834a2a elementor-section-boxed elementor-section-height-default elementor-section-height-default\" data-id=\"d834a2a\" data-element_type=\"section\" data-e-type=\"section\" data-settings=\"{&quot;background_background&quot;:&quot;classic&quot;}\">\n\t\t\t\t\t\t<div class=\"elementor-container elementor-column-gap-default\">\n\t\t\t\t\t<div class=\"elementor-column elementor-col-100 elementor-top-column elementor-element elementor-element-dfb7a30 ot-flex-column-vertical\" data-id=\"dfb7a30\" data-element_type=\"column\" data-e-type=\"column\">\n\t\t\t<div class=\"elementor-widget-wrap elementor-element-populated\">\n\t\t\t\t\t\t<section class=\"elementor-section elementor-inner-section elementor-element elementor-element-0477ca0 elementor-section-full_width elementor-section-height-default elementor-section-height-default\" data-id=\"0477ca0\" data-element_type=\"section\" data-e-type=\"section\">\n\t\t\t\t\t\t<div class=\"elementor-container elementor-column-gap-default\">\n\t\t\t\t\t<div class=\"elementor-column elementor-col-100 elementor-inner-column elementor-element elementor-element-0f60fd9 ot-flex-column-vertical\" data-id=\"0f60fd9\" data-element_type=\"column\" data-e-type=\"column\">\n\t\t\t<div class=\"elementor-widget-wrap elementor-element-populated\">\n\t\t\t\t\t\t<div class=\"elementor-element elementor-element-3d1a1b1 elementor-widget elementor-widget-image\" data-id=\"3d1a1b1\" data-element_type=\"widget\" data-e-type=\"widget\" data-widget_type=\"image.default\">\n\t\t\t\t<div class=\"elementor-widget-container\">\n\t\t\t\t\t\t\t\t\t\t\t\t\t\t\t<img fetchpriority=\"high\" decoding=\"async\" width=\"900\" height=\"600\" src=\"https:\/\/virtual-basement.de\/wp-content\/uploads\/2020\/04\/shop2-900x600.jpg\" class=\"attachment-large size-large wp-image-12089\" alt=\"\" srcset=\"https:\/\/virtual-basement.de\/wp-content\/uploads\/2020\/04\/shop2-900x600.jpg 900w, https:\/\/virtual-basement.de\/wp-content\/uploads\/2020\/04\/shop2-1x1.jpg 1w, https:\/\/virtual-basement.de\/wp-content\/uploads\/2020\/04\/shop2-510x340.jpg 510w, https:\/\/virtual-basement.de\/wp-content\/uploads\/2020\/04\/shop2-768x512.jpg 768w, https:\/\/virtual-basement.de\/wp-content\/uploads\/2020\/04\/shop2-750x500.jpg 750w, https:\/\/virtual-basement.de\/wp-content\/uploads\/2020\/04\/shop2-780x520.jpg 780w\" sizes=\"(max-width: 900px) 100vw, 900px\" \/>\t\t\t\t\t\t\t\t\t\t\t\t\t\t\t<\/div>\n\t\t\t\t<\/div>\n\t\t\t\t\t<\/div>\n\t\t<\/div>\n\t\t\t\t\t<\/div>\n\t\t<\/section>\n\t\t\t\t<section class=\"elementor-section elementor-inner-section elementor-element elementor-element-ff05c26 elementor-section-full_width elementor-section-height-default elementor-section-height-default\" data-id=\"ff05c26\" data-element_type=\"section\" data-e-type=\"section\">\n\t\t\t\t\t\t<div class=\"elementor-container elementor-column-gap-no\">\n\t\t\t\t\t<div class=\"elementor-column elementor-col-50 elementor-inner-column elementor-element elementor-element-6557b64 elementor-hidden-tablet elementor-hidden-phone ot-flex-column-vertical\" data-id=\"6557b64\" data-element_type=\"column\" data-e-type=\"column\">\n\t\t\t<div class=\"elementor-widget-wrap\">\n\t\t\t\t\t\t\t<\/div>\n\t\t<\/div>\n\t\t\t\t<div class=\"elementor-column elementor-col-50 elementor-inner-column elementor-element elementor-element-1b98a41 ot-flex-column-vertical\" data-id=\"1b98a41\" data-element_type=\"column\" data-e-type=\"column\" data-settings=\"{&quot;background_background&quot;:&quot;gradient&quot;}\">\n\t\t\t<div class=\"elementor-widget-wrap elementor-element-populated\">\n\t\t\t\t\t\t<div class=\"elementor-element elementor-element-c695123 elementor-widget elementor-widget-iheading\" data-id=\"c695123\" data-element_type=\"widget\" data-e-type=\"widget\" data-widget_type=\"iheading.default\">\n\t\t\t\t<div class=\"elementor-widget-container\">\n\t\t\t\t\t\t\t<div class=\"ot-heading left-align\">\r\n\t\t\t\r\n\t\t\t\t\r\n\r\n\t        \t            <h6 class=\"sub-heading\"><span>Virtual Basement Team<\/span><\/h6>\r\n\t         \r\n\r\n\t        \t        \t<h2 class=\"main-heading\">Treffen Sie<br>\ndas Team<br> \nvor Ort<\/h2>\r\n\t        \t    <\/div>\r\n\t    \t\t\t\t<\/div>\n\t\t\t\t<\/div>\n\t\t\t\t<div class=\"elementor-element elementor-element-51f8f51 elementor-widget elementor-widget-text-editor\" data-id=\"51f8f51\" data-element_type=\"widget\" data-e-type=\"widget\" data-widget_type=\"text-editor.default\">\n\t\t\t\t<div class=\"elementor-widget-container\">\n\t\t\t\t\t\t\t\t\t<p>Sprechen Sie in Ruhe in einer unserer Filialen mit uns. Neuh\u00e4usel oder Bad Ems. Wir sind f\u00fcr Sie da.<\/p>\t\t\t\t\t\t\t\t<\/div>\n\t\t\t\t<\/div>\n\t\t\t\t\t<\/div>\n\t\t<\/div>\n\t\t\t\t\t<\/div>\n\t\t<\/section>\n\t\t\t\t\t<\/div>\n\t\t<\/div>\n\t\t\t\t\t<\/div>\n\t\t<\/section>\n\t\t\t\t<section class=\"elementor-section elementor-top-section elementor-element elementor-element-0b2f213 elementor-section-boxed elementor-section-height-default elementor-section-height-default\" data-id=\"0b2f213\" data-element_type=\"section\" data-e-type=\"section\" data-settings=\"{&quot;background_background&quot;:&quot;classic&quot;}\">\n\t\t\t\t\t\t<div class=\"elementor-container elementor-column-gap-default\">\n\t\t\t\t\t<div class=\"elementor-column elementor-col-100 elementor-top-column elementor-element elementor-element-84c31f3 ot-flex-column-vertical\" data-id=\"84c31f3\" data-element_type=\"column\" data-e-type=\"column\">\n\t\t\t<div class=\"elementor-widget-wrap elementor-element-populated\">\n\t\t\t\t\t\t<div class=\"elementor-element elementor-element-96ac143 elementor-widget elementor-widget-iheading\" data-id=\"96ac143\" data-element_type=\"widget\" data-e-type=\"widget\" data-widget_type=\"iheading.default\">\n\t\t\t\t<div class=\"elementor-widget-container\">\n\t\t\t\t\t\t\t<div class=\"ot-heading center-align\">\r\n\t\t\t\r\n\t\t\t\t\r\n\r\n\t        \t            <h6 class=\"sub-heading\"><span>Virtual Basement Team<\/span><\/h6>\r\n\t         \r\n\r\n\t        \t        \t<h2 class=\"main-heading\">Unsere IT Spezialisten<\/h2>\r\n\t        \t    <\/div>\r\n\t    \t\t\t\t<\/div>\n\t\t\t\t<\/div>\n\t\t\t\t<div class=\"elementor-element elementor-element-894937b elementor-widget elementor-widget-text-editor\" data-id=\"894937b\" data-element_type=\"widget\" data-e-type=\"widget\" data-widget_type=\"text-editor.default\">\n\t\t\t\t<div class=\"elementor-widget-container\">\n\t\t\t\t\t\t\t\t\t<p>Willkommen im Virtual Basement Team. Wir l\u00f6sen IT Probleme.<\/p>\t\t\t\t\t\t\t\t<\/div>\n\t\t\t\t<\/div>\n\t\t\t\t<section class=\"elementor-section elementor-inner-section elementor-element elementor-element-df6c0dc elementor-section-full_width elementor-section-height-default elementor-section-height-default\" data-id=\"df6c0dc\" data-element_type=\"section\" data-e-type=\"section\">\n\t\t\t\t\t\t<div class=\"elementor-container elementor-column-gap-extended\">\n\t\t\t\t\t<div class=\"elementor-column elementor-col-33 elementor-inner-column elementor-element elementor-element-690b6a7 ot-flex-column-vertical\" data-id=\"690b6a7\" data-element_type=\"column\" data-e-type=\"column\">\n\t\t\t<div class=\"elementor-widget-wrap elementor-element-populated\">\n\t\t\t\t\t\t<div class=\"elementor-element elementor-element-43022d1 elementor-widget elementor-widget-imember\" data-id=\"43022d1\" data-element_type=\"widget\" data-e-type=\"widget\" data-widget_type=\"imember.default\">\n\t\t\t\t<div class=\"elementor-widget-container\">\n\t\t\t\t\t\r\n\t\t<div class=\"team-wrap\">\r\n\t\t\t\t\t\t<div class=\"team-thumb\">\r\n\t\t\t\t\t\t\t\t<img decoding=\"async\" src=\"http:\/\/virtual-basement.de\/wp-content\/uploads\/2020\/04\/logo-schild.jpg\" alt=\"Alexander Heck\">\r\n\t\t\t\t\t\t\t<\/div>\r\n\t\t\t\t\t\t<div class=\"team-info\">\r\n\t\t\t\t<h4>Alexander Heck<\/h4>\r\n\t\t\t\t<span>Fachinformatiker - Systemintegration<\/span>\r\n\t\t\t\t                    <div class=\"team-social\">\r\n                                                                                    <a style=\"background: #0160e7\" target=\"_blank\" \r\n                                        href=\"https:\/\/www.facebook.com\/\" class=\"facebook\">\r\n                                     <i class=\"fab fa-facebook-f\"><\/i>\r\n                                <\/a>\r\n                                                                        \t<span class=\"flaticon-add-1\"><\/span>\r\n                    <\/div>  \r\n                \t\t\t<\/div>\r\n\t\t<\/div>\r\n\t        \r\n\t    \t\t\t\t<\/div>\n\t\t\t\t<\/div>\n\t\t\t\t\t<\/div>\n\t\t<\/div>\n\t\t\t\t<div class=\"elementor-column elementor-col-33 elementor-inner-column elementor-element elementor-element-3f0affd ot-flex-column-vertical\" data-id=\"3f0affd\" data-element_type=\"column\" data-e-type=\"column\">\n\t\t\t<div class=\"elementor-widget-wrap\">\n\t\t\t\t\t\t\t<\/div>\n\t\t<\/div>\n\t\t\t\t<div class=\"elementor-column elementor-col-33 elementor-inner-column elementor-element elementor-element-6b34ddb elementor-hidden-tablet ot-flex-column-vertical\" data-id=\"6b34ddb\" data-element_type=\"column\" data-e-type=\"column\">\n\t\t\t<div class=\"elementor-widget-wrap elementor-element-populated\">\n\t\t\t\t\t\t<div class=\"elementor-element elementor-element-86c0c7e elementor-widget elementor-widget-imember\" data-id=\"86c0c7e\" data-element_type=\"widget\" data-e-type=\"widget\" data-widget_type=\"imember.default\">\n\t\t\t\t<div class=\"elementor-widget-container\">\n\t\t\t\t\t\r\n\t\t<div class=\"team-wrap\">\r\n\t\t\t\t\t\t<div class=\"team-thumb\">\r\n\t\t\t\t\t\t\t\t<img decoding=\"async\" src=\"http:\/\/virtual-basement.de\/wp-content\/uploads\/2020\/04\/logo-schild.jpg\" alt=\"Marc Schlichting\">\r\n\t\t\t\t\t\t\t<\/div>\r\n\t\t\t\t\t\t<div class=\"team-info\">\r\n\t\t\t\t<h4>Marc Schlichting<\/h4>\r\n\t\t\t\t<span>Inhaber<\/span>\r\n\t\t\t\t                    <div class=\"team-social\">\r\n                                                                                    <a style=\"background: #0160e7\" target=\"_blank\" \r\n                                        href=\"https:\/\/www.facebook.com\/\" class=\"facebook\">\r\n                                     <i class=\"fab fa-facebook-f\"><\/i>\r\n                                <\/a>\r\n                                                                        \t<span class=\"flaticon-add-1\"><\/span>\r\n                    <\/div>  \r\n                \t\t\t<\/div>\r\n\t\t<\/div>\r\n\t        \r\n\t    \t\t\t\t<\/div>\n\t\t\t\t<\/div>\n\t\t\t\t\t<\/div>\n\t\t<\/div>\n\t\t\t\t\t<\/div>\n\t\t<\/section>\n\t\t\t\t\t<\/div>\n\t\t<\/div>\n\t\t\t\t\t<\/div>\n\t\t<\/section>\n\t\t\t\t<\/div>\n\t\t","protected":false},"excerpt":{"rendered":"<p>Virtual Basement Team Treffen Sie das Team vor Ort Sprechen Sie in Ruhe in einer unserer Filialen mit uns. Neuh\u00e4usel oder Bad Ems. Wir sind f\u00fcr Sie da. Virtual Basement Team Unsere IT Spezialisten Willkommen im Virtual Basement Team. Wir l\u00f6sen IT Probleme. Alexander Heck Fachinformatiker &#8211; Systemintegration Marc Schlichting Inhaber<\/p>\n","protected":false},"author":1,"featured_media":0,"parent":0,"menu_order":0,"comment_status":"closed","ping_status":"closed","template":"","meta":{"footnotes":""},"class_list":["post-681","page","type-page","status-publish","hentry"],"aioseo_notices":[],"_links":{"self":[{"href":"https:\/\/virtual-basement.de\/index.php?rest_route=\/wp\/v2\/pages\/681","targetHints":{"allow":["GET"]}}],"collection":[{"href":"https:\/\/virtual-basement.de\/index.php?rest_route=\/wp\/v2\/pages"}],"about":[{"href":"https:\/\/virtual-basement.de\/index.php?rest_route=\/wp\/v2\/types\/page"}],"author":[{"embeddable":true,"href":"https:\/\/virtual-basement.de\/index.php?rest_route=\/wp\/v2\/users\/1"}],"replies":[{"embeddable":true,"href":"https:\/\/virtual-basement.de\/index.php?rest_route=%2Fwp%2Fv2%2Fcomments&post=681"}],"version-history":[{"count":27,"href":"https:\/\/virtual-basement.de\/index.php?rest_route=\/wp\/v2\/pages\/681\/revisions"}],"predecessor-version":[{"id":12348,"href":"https:\/\/virtual-basement.de\/index.php?rest_route=\/wp\/v2\/pages\/681\/revisions\/12348"}],"wp:attachment":[{"href":"https:\/\/virtual-basement.de\/index.php?rest_route=%2Fwp%2Fv2%2Fmedia&parent=681"}],"curies":[{"name":"wp","href":"https:\/\/api.w.org\/{rel}","templated":true}]}}