{"id":571,"date":"2019-11-04T09:26:33","date_gmt":"2019-11-04T09:26:33","guid":{"rendered":"http:\/\/wpdemo.archiwp.com\/onum\/?page_id=571"},"modified":"2020-04-21T07:47:23","modified_gmt":"2020-04-21T07:47:23","slug":"app-development","status":"publish","type":"page","link":"https:\/\/virtual-basement.de\/?page_id=571","title":{"rendered":"Reparaturen"},"content":{"rendered":"\t\t<div data-elementor-type=\"wp-page\" data-elementor-id=\"571\" class=\"elementor elementor-571\">\n\t\t\t\t\t\t<section class=\"elementor-section elementor-top-section elementor-element elementor-element-0400064 elementor-section-content-middle elementor-section-boxed elementor-section-height-default elementor-section-height-default\" data-id=\"0400064\" data-element_type=\"section\" data-e-type=\"section\">\n\t\t\t\t\t\t<div class=\"elementor-container elementor-column-gap-extended\">\n\t\t\t\t\t<div class=\"elementor-column elementor-col-50 elementor-top-column elementor-element elementor-element-6175314 ot-flex-column-vertical\" data-id=\"6175314\" data-element_type=\"column\" data-e-type=\"column\">\n\t\t\t<div class=\"elementor-widget-wrap elementor-element-populated\">\n\t\t\t\t\t\t<div class=\"elementor-element elementor-element-49a9d06 elementor-widget elementor-widget-iheading\" data-id=\"49a9d06\" data-element_type=\"widget\" data-e-type=\"widget\" data-widget_type=\"iheading.default\">\n\t\t\t\t<div class=\"elementor-widget-container\">\n\t\t\t\t\t\t\t<div class=\"ot-heading left-align\">\r\n\t\t\t\r\n\t\t\t\t\r\n\r\n\t        \t            <h6 class=\"sub-heading\"><span>Wir sind f\u00fcr Sie da<\/span><\/h6>\r\n\t         \r\n\r\n\t        \t        \t<h2 class=\"main-heading\">Mehr wie eine Reparatur<\/h2>\r\n\t        \t    <\/div>\r\n\t    \t\t\t\t<\/div>\n\t\t\t\t<\/div>\n\t\t\t\t<div class=\"elementor-element elementor-element-03e69bc elementor-widget elementor-widget-itabs\" data-id=\"03e69bc\" data-element_type=\"widget\" data-e-type=\"widget\" data-widget_type=\"itabs.default\">\n\t\t\t\t<div class=\"elementor-widget-container\">\n\t\t\t\t\t\r\n\t\t<div class=\"ot-tabs\">\r\n\t\t\t\t\t\t<ul class=\"tabs-heading unstyle\">\r\n\t\t\t\t\t\t\t\t<li class=\"tab-link octf-btn\" data-tab=\"tab-1779\">Instandsetzung<\/li>\r\n\t\t\t\t\t\t\t\t<li class=\"tab-link octf-btn\" data-tab=\"tab-2779\">Inspektion<\/li>\r\n\t\t\t\t\t\t\t<\/ul>\r\n\t\t\t\t\t\t<div id=\"tab-1779\" class=\"tab-content\">\r\n\t\t\t\t<p>Ihr PC oder Notebook streikt? Wir suchen nach dem Fehler und beheben diesen fachgerecht.<\/p><p>Ihr Vorteil: \"Bei den Profis von Virtual Basement geht eine Reparatur schnell und kosteng\u00fcnstig.\"<\/p><p>Wir besprechen mit Ihnen vorab die Kosten und die M\u00f6glichkeiten.<\/p>\t\t\t<\/div>\r\n\t\t\t\t\t\t<div id=\"tab-2779\" class=\"tab-content\">\r\n\t\t\t\t<p>Nach der erfolgreichen Instandsetzung Ihres Systems, \u00fcberpr\u00fcfen wir auf Wunsch auch Ihre Einstellungen und f\u00fchren kosteng\u00fcnstig Updates durch. Selbstverst\u00e4ndlich beinhaltet diese Inspektion auch einen Virenscan usw.<\/p><p>Au\u00dferdem reinigen wir Ihre Hardware von Innen. Das ist Full Service - Das ist Virtual-Basement.<\/p>\t\t\t<\/div>\r\n\t\t\t\t    <\/div>\r\n\r\n\t    \t\t\t\t<\/div>\n\t\t\t\t<\/div>\n\t\t\t\t\t<\/div>\n\t\t<\/div>\n\t\t\t\t<div class=\"elementor-column elementor-col-50 elementor-top-column elementor-element elementor-element-47db07c ot-flex-column-vertical\" data-id=\"47db07c\" data-element_type=\"column\" data-e-type=\"column\">\n\t\t\t<div class=\"elementor-widget-wrap elementor-element-populated\">\n\t\t\t\t\t\t<div class=\"elementor-element elementor-element-3e671d3 elementor-widget elementor-widget-image\" data-id=\"3e671d3\" data-element_type=\"widget\" data-e-type=\"widget\" data-widget_type=\"image.default\">\n\t\t\t\t<div class=\"elementor-widget-container\">\n\t\t\t\t\t\t\t\t\t\t\t\t\t\t\t<img fetchpriority=\"high\" decoding=\"async\" width=\"6000\" height=\"4500\" src=\"https:\/\/virtual-basement.de\/wp-content\/uploads\/2020\/04\/Reparatur4.jpg\" class=\"attachment-full size-full wp-image-12080\" alt=\"\" srcset=\"https:\/\/virtual-basement.de\/wp-content\/uploads\/2020\/04\/Reparatur4.jpg 6000w, https:\/\/virtual-basement.de\/wp-content\/uploads\/2020\/04\/Reparatur4-1x1.jpg 1w, https:\/\/virtual-basement.de\/wp-content\/uploads\/2020\/04\/Reparatur4-510x383.jpg 510w, https:\/\/virtual-basement.de\/wp-content\/uploads\/2020\/04\/Reparatur4-768x576.jpg 768w, https:\/\/virtual-basement.de\/wp-content\/uploads\/2020\/04\/Reparatur4-900x675.jpg 900w, https:\/\/virtual-basement.de\/wp-content\/uploads\/2020\/04\/Reparatur4-805x605.jpg 805w, https:\/\/virtual-basement.de\/wp-content\/uploads\/2020\/04\/Reparatur4-780x585.jpg 780w\" sizes=\"(max-width: 6000px) 100vw, 6000px\" \/>\t\t\t\t\t\t\t\t\t\t\t\t\t\t\t<\/div>\n\t\t\t\t<\/div>\n\t\t\t\t\t<\/div>\n\t\t<\/div>\n\t\t\t\t\t<\/div>\n\t\t<\/section>\n\t\t\t\t<\/div>\n\t\t","protected":false},"excerpt":{"rendered":"<p>Wir sind f\u00fcr Sie da Mehr wie eine Reparatur Instandsetzung Inspektion Ihr PC oder Notebook streikt? Wir suchen nach dem Fehler und beheben diesen fachgerecht. Ihr Vorteil: &#8222;Bei den Profis von Virtual Basement geht eine Reparatur schnell und kosteng\u00fcnstig.&#8220; Wir besprechen mit Ihnen vorab die Kosten und die M\u00f6glichkeiten. Nach der erfolgreichen Instandsetzung Ihres Systems, [&hellip;]<\/p>\n","protected":false},"author":1,"featured_media":0,"parent":0,"menu_order":0,"comment_status":"closed","ping_status":"closed","template":"","meta":{"footnotes":""},"class_list":["post-571","page","type-page","status-publish","hentry"],"aioseo_notices":[],"_links":{"self":[{"href":"https:\/\/virtual-basement.de\/index.php?rest_route=\/wp\/v2\/pages\/571","targetHints":{"allow":["GET"]}}],"collection":[{"href":"https:\/\/virtual-basement.de\/index.php?rest_route=\/wp\/v2\/pages"}],"about":[{"href":"https:\/\/virtual-basement.de\/index.php?rest_route=\/wp\/v2\/types\/page"}],"author":[{"embeddable":true,"href":"https:\/\/virtual-basement.de\/index.php?rest_route=\/wp\/v2\/users\/1"}],"replies":[{"embeddable":true,"href":"https:\/\/virtual-basement.de\/index.php?rest_route=%2Fwp%2Fv2%2Fcomments&post=571"}],"version-history":[{"count":9,"href":"https:\/\/virtual-basement.de\/index.php?rest_route=\/wp\/v2\/pages\/571\/revisions"}],"predecessor-version":[{"id":12210,"href":"https:\/\/virtual-basement.de\/index.php?rest_route=\/wp\/v2\/pages\/571\/revisions\/12210"}],"wp:attachment":[{"href":"https:\/\/virtual-basement.de\/index.php?rest_route=%2Fwp%2Fv2%2Fmedia&parent=571"}],"curies":[{"name":"wp","href":"https:\/\/api.w.org\/{rel}","templated":true}]}}