{"id":423,"date":"2019-10-28T07:38:08","date_gmt":"2019-10-28T07:38:08","guid":{"rendered":"http:\/\/wpdemo.archiwp.com\/onum\/?page_id=423"},"modified":"2020-04-21T09:53:18","modified_gmt":"2020-04-21T09:53:18","slug":"search-engine-optimization","status":"publish","type":"page","link":"https:\/\/virtual-basement.de\/?page_id=423","title":{"rendered":"Netzwerke"},"content":{"rendered":"\t\t<div data-elementor-type=\"wp-page\" data-elementor-id=\"423\" class=\"elementor elementor-423\">\n\t\t\t\t\t\t<section class=\"elementor-section elementor-top-section elementor-element elementor-element-f24cb16 elementor-section-content-middle elementor-section-boxed elementor-section-height-default elementor-section-height-default\" data-id=\"f24cb16\" data-element_type=\"section\" data-e-type=\"section\">\n\t\t\t\t\t\t<div class=\"elementor-container elementor-column-gap-extended\">\n\t\t\t\t\t<div class=\"elementor-column elementor-col-33 elementor-top-column elementor-element elementor-element-6b4194c ot-flex-column-vertical\" data-id=\"6b4194c\" data-element_type=\"column\" data-e-type=\"column\">\n\t\t\t<div class=\"elementor-widget-wrap elementor-element-populated\">\n\t\t\t\t\t\t<div class=\"elementor-element elementor-element-53c5dd0 elementor-widget elementor-widget-iiconbox\" data-id=\"53c5dd0\" data-element_type=\"widget\" data-e-type=\"widget\" data-widget_type=\"iiconbox.default\">\n\t\t\t\t<div class=\"elementor-widget-container\">\n\t\t\t\t\t\t\t<div class=\"icon-box s4\">\r\n\t\t\t<div class=\"bg-s3\"><\/div>\r\n\t\t\t<div class=\"bg-before\"><\/div>\r\n\t\t\t<div class=\"bg-after\"><\/div>\r\n\t\t\t<div class=\"icon-main\">\r\n\t\t        \t\t        \t<i aria-hidden=\"true\" class=\"fas fa-network-wired\"><\/i>\t\t        \t\t\t    \r\n\t\t\t    \t\t        \t        <\/div>\r\n\t        <div class=\"content-box\">\r\n\t            <h5 class=\"box-title\">Netzwerkl\u00f6sungen<\/h5>\r\n\t            <p>Netwerke, Routing, Switching, Netzwerkverwaltung<\/p>\r\n\t        <\/div>\r\n\t        \t\r\n\t    <\/div>\r\n\t    \t\t\t\t<\/div>\n\t\t\t\t<\/div>\n\t\t\t\t<div class=\"elementor-element elementor-element-78da4dd elementor-widget elementor-widget-iiconbox\" data-id=\"78da4dd\" data-element_type=\"widget\" data-e-type=\"widget\" data-widget_type=\"iiconbox.default\">\n\t\t\t\t<div class=\"elementor-widget-container\">\n\t\t\t\t\t\t\t<div class=\"icon-box s4\">\r\n\t\t\t<div class=\"bg-s3\"><\/div>\r\n\t\t\t<div class=\"bg-before\"><\/div>\r\n\t\t\t<div class=\"bg-after\"><\/div>\r\n\t\t\t<div class=\"icon-main\">\r\n\t\t        \t\t        \t<i aria-hidden=\"true\" class=\"fas fa-globe-asia\"><\/i>\t\t        \t\t\t    \r\n\t\t\t    \t\t        \t        <\/div>\r\n\t        <div class=\"content-box\">\r\n\t            <h5 class=\"box-title\">Verf\u00fcgbarkeit<\/h5>\r\n\t            <p>Ausfallzeiten kosten Geld. Wir stellen die optimale Netzwerkinfrastruktur sicher<\/p>\r\n\t        <\/div>\r\n\t        \t\r\n\t    <\/div>\r\n\t    \t\t\t\t<\/div>\n\t\t\t\t<\/div>\n\t\t\t\t<div class=\"elementor-element elementor-element-e127f83 elementor-widget elementor-widget-iiconbox\" data-id=\"e127f83\" data-element_type=\"widget\" data-e-type=\"widget\" data-widget_type=\"iiconbox.default\">\n\t\t\t\t<div class=\"elementor-widget-container\">\n\t\t\t\t\t\t\t<div class=\"icon-box s4\">\r\n\t\t\t<div class=\"bg-s3\"><\/div>\r\n\t\t\t<div class=\"bg-before\"><\/div>\r\n\t\t\t<div class=\"bg-after\"><\/div>\r\n\t\t\t<div class=\"icon-main\">\r\n\t\t        \t\t        \t<i aria-hidden=\"true\" class=\"fas fa-ethernet\"><\/i>\t\t        \t\t\t    \r\n\t\t\t    \t\t        \t        <\/div>\r\n\t        <div class=\"content-box\">\r\n\t            <h5 class=\"box-title\">Firmennetzwerke<\/h5>\r\n\t            <p>Wir sind Ihr Partner f\u00fcr kleine und mittlere Unternehmen<\/p>\r\n\t        <\/div>\r\n\t        \t\r\n\t    <\/div>\r\n\t    \t\t\t\t<\/div>\n\t\t\t\t<\/div>\n\t\t\t\t\t<\/div>\n\t\t<\/div>\n\t\t\t\t<div class=\"elementor-column elementor-col-33 elementor-top-column elementor-element elementor-element-6558e2e ot-flex-column-vertical\" data-id=\"6558e2e\" data-element_type=\"column\" data-e-type=\"column\">\n\t\t\t<div class=\"elementor-widget-wrap elementor-element-populated\">\n\t\t\t\t\t\t<div class=\"elementor-element elementor-element-4497d32 elementor-widget elementor-widget-image\" data-id=\"4497d32\" data-element_type=\"widget\" data-e-type=\"widget\" data-widget_type=\"image.default\">\n\t\t\t\t<div class=\"elementor-widget-container\">\n\t\t\t\t\t\t\t\t\t\t\t\t\t\t\t<img fetchpriority=\"high\" decoding=\"async\" width=\"2000\" height=\"2000\" src=\"https:\/\/virtual-basement.de\/wp-content\/uploads\/2020\/04\/Netzwerk-neu.jpg\" class=\"attachment-full size-full wp-image-12065\" alt=\"\" srcset=\"https:\/\/virtual-basement.de\/wp-content\/uploads\/2020\/04\/Netzwerk-neu.jpg 2000w, https:\/\/virtual-basement.de\/wp-content\/uploads\/2020\/04\/Netzwerk-neu-1x1.jpg 1w, https:\/\/virtual-basement.de\/wp-content\/uploads\/2020\/04\/Netzwerk-neu-150x150.jpg 150w, https:\/\/virtual-basement.de\/wp-content\/uploads\/2020\/04\/Netzwerk-neu-510x510.jpg 510w, https:\/\/virtual-basement.de\/wp-content\/uploads\/2020\/04\/Netzwerk-neu-768x768.jpg 768w, https:\/\/virtual-basement.de\/wp-content\/uploads\/2020\/04\/Netzwerk-neu-900x900.jpg 900w, https:\/\/virtual-basement.de\/wp-content\/uploads\/2020\/04\/Netzwerk-neu-70x70.jpg 70w, https:\/\/virtual-basement.de\/wp-content\/uploads\/2020\/04\/Netzwerk-neu-760x760.jpg 760w, https:\/\/virtual-basement.de\/wp-content\/uploads\/2020\/04\/Netzwerk-neu-780x780.jpg 780w, https:\/\/virtual-basement.de\/wp-content\/uploads\/2020\/04\/Netzwerk-neu-300x300.jpg 300w, https:\/\/virtual-basement.de\/wp-content\/uploads\/2020\/04\/Netzwerk-neu-100x100.jpg 100w\" sizes=\"(max-width: 2000px) 100vw, 2000px\" \/>\t\t\t\t\t\t\t\t\t\t\t\t\t\t\t<\/div>\n\t\t\t\t<\/div>\n\t\t\t\t\t<\/div>\n\t\t<\/div>\n\t\t\t\t<div class=\"elementor-column elementor-col-33 elementor-top-column elementor-element elementor-element-21a8625 ot-flex-column-vertical\" data-id=\"21a8625\" data-element_type=\"column\" data-e-type=\"column\">\n\t\t\t<div class=\"elementor-widget-wrap elementor-element-populated\">\n\t\t\t\t\t\t<div class=\"elementor-element elementor-element-95200e3 elementor-widget elementor-widget-iiconbox\" data-id=\"95200e3\" data-element_type=\"widget\" data-e-type=\"widget\" data-widget_type=\"iiconbox.default\">\n\t\t\t\t<div class=\"elementor-widget-container\">\n\t\t\t\t\t\t\t<div class=\"icon-box s1\">\r\n\t\t\t<div class=\"bg-s3\"><\/div>\r\n\t\t\t<div class=\"bg-before\"><\/div>\r\n\t\t\t<div class=\"bg-after\"><\/div>\r\n\t\t\t<div class=\"icon-main\">\r\n\t\t        \t\t        \t<i aria-hidden=\"true\" class=\"fas fa-user\"><\/i>\t\t        \t\t\t    \r\n\t\t\t    \t\t        \t        <\/div>\r\n\t        <div class=\"content-box\">\r\n\t            <h5 class=\"box-title\">Privatnetzwerke<\/h5>\r\n\t            <p>Auch f\u00fcr Privatleute sind wir der richtige Ansprechpartner in Netzwerkfragen\n<\/p>\r\n\t        <\/div>\r\n\t        \t\r\n\t    <\/div>\r\n\t    \t\t\t\t<\/div>\n\t\t\t\t<\/div>\n\t\t\t\t<div class=\"elementor-element elementor-element-6561bbe elementor-widget elementor-widget-iiconbox\" data-id=\"6561bbe\" data-element_type=\"widget\" data-e-type=\"widget\" data-widget_type=\"iiconbox.default\">\n\t\t\t\t<div class=\"elementor-widget-container\">\n\t\t\t\t\t\t\t<div class=\"icon-box s1\">\r\n\t\t\t<div class=\"bg-s3\"><\/div>\r\n\t\t\t<div class=\"bg-before\"><\/div>\r\n\t\t\t<div class=\"bg-after\"><\/div>\r\n\t\t\t<div class=\"icon-main\">\r\n\t\t        \t\t        \t<i aria-hidden=\"true\" class=\"fas fa-user-secret\"><\/i>\t\t        \t\t\t    \r\n\t\t\t    \t\t        \t        <\/div>\r\n\t        <div class=\"content-box\">\r\n\t            <h5 class=\"box-title\">Sicherheit<\/h5>\r\n\t            <p>Die Sicherheit im Netzwerk hat oberste Priorit\u00e4t. Wir k\u00fcmmern uns darum\n<\/p>\r\n\t        <\/div>\r\n\t        \t\r\n\t    <\/div>\r\n\t    \t\t\t\t<\/div>\n\t\t\t\t<\/div>\n\t\t\t\t<div class=\"elementor-element elementor-element-ef978dd elementor-widget elementor-widget-iiconbox\" data-id=\"ef978dd\" data-element_type=\"widget\" data-e-type=\"widget\" data-widget_type=\"iiconbox.default\">\n\t\t\t\t<div class=\"elementor-widget-container\">\n\t\t\t\t\t\t\t<div class=\"icon-box s1\">\r\n\t\t\t<div class=\"bg-s3\"><\/div>\r\n\t\t\t<div class=\"bg-before\"><\/div>\r\n\t\t\t<div class=\"bg-after\"><\/div>\r\n\t\t\t<div class=\"icon-main\">\r\n\t\t        \t\t        \t<i aria-hidden=\"true\" class=\"far fa-clock\"><\/i>\t\t        \t\t\t    \r\n\t\t\t    \t\t        \t        <\/div>\r\n\t        <div class=\"content-box\">\r\n\t            <h5 class=\"box-title\">Geschwindigkeit<\/h5>\r\n\t            <p>Nur ein schnelles Netzwerk sollte Ihren Anspr\u00fcchen gen\u00fcgen. Wir sorgen f\u00fcr Geschwindigkeit<\/p>\r\n\t        <\/div>\r\n\t        \t\r\n\t    <\/div>\r\n\t    \t\t\t\t<\/div>\n\t\t\t\t<\/div>\n\t\t\t\t\t<\/div>\n\t\t<\/div>\n\t\t\t\t\t<\/div>\n\t\t<\/section>\n\t\t\t\t<\/div>\n\t\t","protected":false},"excerpt":{"rendered":"<p>Netzwerkl\u00f6sungen Netwerke, Routing, Switching, Netzwerkverwaltung Verf\u00fcgbarkeit Ausfallzeiten kosten Geld. Wir stellen die optimale Netzwerkinfrastruktur sicher Firmennetzwerke Wir sind Ihr Partner f\u00fcr kleine und mittlere Unternehmen Privatnetzwerke Auch f\u00fcr Privatleute sind wir der richtige Ansprechpartner in Netzwerkfragen Sicherheit Die Sicherheit im Netzwerk hat oberste Priorit\u00e4t. Wir k\u00fcmmern uns darum Geschwindigkeit Nur ein schnelles Netzwerk sollte Ihren [&hellip;]<\/p>\n","protected":false},"author":1,"featured_media":0,"parent":0,"menu_order":0,"comment_status":"closed","ping_status":"closed","template":"","meta":{"footnotes":""},"class_list":["post-423","page","type-page","status-publish","hentry"],"aioseo_notices":[],"_links":{"self":[{"href":"https:\/\/virtual-basement.de\/index.php?rest_route=\/wp\/v2\/pages\/423","targetHints":{"allow":["GET"]}}],"collection":[{"href":"https:\/\/virtual-basement.de\/index.php?rest_route=\/wp\/v2\/pages"}],"about":[{"href":"https:\/\/virtual-basement.de\/index.php?rest_route=\/wp\/v2\/types\/page"}],"author":[{"embeddable":true,"href":"https:\/\/virtual-basement.de\/index.php?rest_route=\/wp\/v2\/users\/1"}],"replies":[{"embeddable":true,"href":"https:\/\/virtual-basement.de\/index.php?rest_route=%2Fwp%2Fv2%2Fcomments&post=423"}],"version-history":[{"count":7,"href":"https:\/\/virtual-basement.de\/index.php?rest_route=\/wp\/v2\/pages\/423\/revisions"}],"predecessor-version":[{"id":12211,"href":"https:\/\/virtual-basement.de\/index.php?rest_route=\/wp\/v2\/pages\/423\/revisions\/12211"}],"wp:attachment":[{"href":"https:\/\/virtual-basement.de\/index.php?rest_route=%2Fwp%2Fv2%2Fmedia&parent=423"}],"curies":[{"name":"wp","href":"https:\/\/api.w.org\/{rel}","templated":true}]}}