{"id":2676,"date":"2020-03-06T10:31:11","date_gmt":"2020-03-06T10:31:11","guid":{"rendered":"http:\/\/wpdemo.archiwp.com\/onum\/?page_id=2676"},"modified":"2020-04-16T12:15:08","modified_gmt":"2020-04-16T12:15:08","slug":"ppc-management","status":"publish","type":"page","link":"https:\/\/virtual-basement.de\/?page_id=2676","title":{"rendered":"Fernwartung"},"content":{"rendered":"\t\t<div data-elementor-type=\"wp-page\" data-elementor-id=\"2676\" class=\"elementor elementor-2676\">\n\t\t\t\t\t\t<section class=\"elementor-section elementor-top-section elementor-element elementor-element-793b6ca9 elementor-section-content-middle elementor-section-boxed elementor-section-height-default elementor-section-height-default\" data-id=\"793b6ca9\" data-element_type=\"section\" data-e-type=\"section\">\n\t\t\t\t\t\t<div class=\"elementor-container elementor-column-gap-extended\">\n\t\t\t\t\t<div class=\"elementor-column elementor-col-50 elementor-top-column elementor-element elementor-element-2938c1fa ot-flex-column-vertical\" data-id=\"2938c1fa\" data-element_type=\"column\" data-e-type=\"column\">\n\t\t\t<div class=\"elementor-widget-wrap elementor-element-populated\">\n\t\t\t\t\t\t<div class=\"elementor-element elementor-element-5f43da6e elementor-widget elementor-widget-iheading\" data-id=\"5f43da6e\" data-element_type=\"widget\" data-e-type=\"widget\" data-widget_type=\"iheading.default\">\n\t\t\t\t<div class=\"elementor-widget-container\">\n\t\t\t\t\t\t\t<div class=\"ot-heading left-align\">\r\n\t\t\t\r\n\t\t\t\t\r\n\r\n\t        \t            <h6 class=\"sub-heading\"><span>Einfach helfen<\/span><\/h6>\r\n\t         \r\n\r\n\t        \t        \t<h2 class=\"main-heading\">Wir sind f\u00fcr unsere\nKunden da<\/h2>\r\n\t        \t    <\/div>\r\n\t    \t\t\t\t<\/div>\n\t\t\t\t<\/div>\n\t\t\t\t<div class=\"elementor-element elementor-element-6badd10f elementor-widget elementor-widget-text-editor\" data-id=\"6badd10f\" data-element_type=\"widget\" data-e-type=\"widget\" data-widget_type=\"text-editor.default\">\n\t\t\t\t<div class=\"elementor-widget-container\">\n\t\t\t\t\t\t\t\t\t<p>Viele Probleme lassen sich mit einer Fernwartung l\u00f6sen. Insbesondere im Bereich der Softwarewartung, ist die Fernwartung mittels TeamViewer die erste und g\u00fcnstigste Wahl. Viele System-, Treiber-, Softwareprobleme, Sicherheitsl\u00fccken usw. lassen sich aus der Ferne beheben. Ihr Vorteil: Telefonische Beratung, Erkl\u00e4rung und gleichzeitig schneller Support!<\/p>\t\t\t\t\t\t\t\t<\/div>\n\t\t\t\t<\/div>\n\t\t\t\t\t<\/div>\n\t\t<\/div>\n\t\t\t\t<div class=\"elementor-column elementor-col-50 elementor-top-column elementor-element elementor-element-62feee55 ot-flex-column-vertical\" data-id=\"62feee55\" data-element_type=\"column\" data-e-type=\"column\">\n\t\t\t<div class=\"elementor-widget-wrap elementor-element-populated\">\n\t\t\t\t\t\t<div class=\"elementor-element elementor-element-dd424c3 elementor-widget elementor-widget-image\" data-id=\"dd424c3\" data-element_type=\"widget\" data-e-type=\"widget\" data-widget_type=\"image.default\">\n\t\t\t\t<div class=\"elementor-widget-container\">\n\t\t\t\t\t\t\t\t\t\t\t\t\t\t\t<img fetchpriority=\"high\" decoding=\"async\" width=\"5100\" height=\"3200\" src=\"https:\/\/virtual-basement.de\/wp-content\/uploads\/2020\/04\/Teamviewer.jpg\" class=\"attachment-full size-full wp-image-12058\" alt=\"\" srcset=\"https:\/\/virtual-basement.de\/wp-content\/uploads\/2020\/04\/Teamviewer.jpg 5100w, https:\/\/virtual-basement.de\/wp-content\/uploads\/2020\/04\/Teamviewer-1x1.jpg 1w, https:\/\/virtual-basement.de\/wp-content\/uploads\/2020\/04\/Teamviewer-510x320.jpg 510w, https:\/\/virtual-basement.de\/wp-content\/uploads\/2020\/04\/Teamviewer-768x482.jpg 768w, https:\/\/virtual-basement.de\/wp-content\/uploads\/2020\/04\/Teamviewer-900x565.jpg 900w, https:\/\/virtual-basement.de\/wp-content\/uploads\/2020\/04\/Teamviewer-780x489.jpg 780w\" sizes=\"(max-width: 5100px) 100vw, 5100px\" \/>\t\t\t\t\t\t\t\t\t\t\t\t\t\t\t<\/div>\n\t\t\t\t<\/div>\n\t\t\t\t\t<\/div>\n\t\t<\/div>\n\t\t\t\t\t<\/div>\n\t\t<\/section>\n\t\t\t\t<\/div>\n\t\t","protected":false},"excerpt":{"rendered":"<p>Einfach helfen Wir sind f\u00fcr unsere Kunden da Viele Probleme lassen sich mit einer Fernwartung l\u00f6sen. Insbesondere im Bereich der Softwarewartung, ist die Fernwartung mittels TeamViewer die erste und g\u00fcnstigste Wahl. Viele System-, Treiber-, Softwareprobleme, Sicherheitsl\u00fccken usw. lassen sich aus der Ferne beheben. Ihr Vorteil: Telefonische Beratung, Erkl\u00e4rung und gleichzeitig schneller Support!<\/p>\n","protected":false},"author":1,"featured_media":0,"parent":0,"menu_order":0,"comment_status":"closed","ping_status":"closed","template":"","meta":{"footnotes":""},"class_list":["post-2676","page","type-page","status-publish","hentry"],"aioseo_notices":[],"_links":{"self":[{"href":"https:\/\/virtual-basement.de\/index.php?rest_route=\/wp\/v2\/pages\/2676","targetHints":{"allow":["GET"]}}],"collection":[{"href":"https:\/\/virtual-basement.de\/index.php?rest_route=\/wp\/v2\/pages"}],"about":[{"href":"https:\/\/virtual-basement.de\/index.php?rest_route=\/wp\/v2\/types\/page"}],"author":[{"embeddable":true,"href":"https:\/\/virtual-basement.de\/index.php?rest_route=\/wp\/v2\/users\/1"}],"replies":[{"embeddable":true,"href":"https:\/\/virtual-basement.de\/index.php?rest_route=%2Fwp%2Fv2%2Fcomments&post=2676"}],"version-history":[{"count":5,"href":"https:\/\/virtual-basement.de\/index.php?rest_route=\/wp\/v2\/pages\/2676\/revisions"}],"predecessor-version":[{"id":12165,"href":"https:\/\/virtual-basement.de\/index.php?rest_route=\/wp\/v2\/pages\/2676\/revisions\/12165"}],"wp:attachment":[{"href":"https:\/\/virtual-basement.de\/index.php?rest_route=%2Fwp%2Fv2%2Fmedia&parent=2676"}],"curies":[{"name":"wp","href":"https:\/\/api.w.org\/{rel}","templated":true}]}}