{"id":2654,"date":"2020-03-06T09:53:00","date_gmt":"2020-03-06T09:53:00","guid":{"rendered":"http:\/\/wpdemo.archiwp.com\/onum\/?page_id=2654"},"modified":"2020-04-13T07:45:44","modified_gmt":"2020-04-13T07:45:44","slug":"social-media-marketing","status":"publish","type":"page","link":"https:\/\/virtual-basement.de\/?page_id=2654","title":{"rendered":"Systemaufbau"},"content":{"rendered":"\t\t<div data-elementor-type=\"wp-page\" data-elementor-id=\"2654\" class=\"elementor elementor-2654\">\n\t\t\t\t\t\t<section class=\"elementor-section elementor-top-section elementor-element elementor-element-64e7ec9f elementor-section-content-middle elementor-section-boxed elementor-section-height-default elementor-section-height-default\" data-id=\"64e7ec9f\" data-element_type=\"section\" data-e-type=\"section\">\n\t\t\t\t\t\t<div class=\"elementor-container elementor-column-gap-extended\">\n\t\t\t\t\t<div class=\"elementor-column elementor-col-50 elementor-top-column elementor-element elementor-element-6ee080ba ot-flex-column-vertical\" data-id=\"6ee080ba\" data-element_type=\"column\" data-e-type=\"column\">\n\t\t\t<div class=\"elementor-widget-wrap elementor-element-populated\">\n\t\t\t\t\t\t<div class=\"elementor-element elementor-element-4c4c6fa9 elementor-widget elementor-widget-iheading\" data-id=\"4c4c6fa9\" data-element_type=\"widget\" data-e-type=\"widget\" data-widget_type=\"iheading.default\">\n\t\t\t\t<div class=\"elementor-widget-container\">\n\t\t\t\t\t\t\t<div class=\"ot-heading left-align\">\r\n\t\t\t\r\n\t\t\t\t\r\n\r\n\t        \t            <h6 class=\"sub-heading\"><span>Wir h\u00f6ren zu<\/span><\/h6>\r\n\t         \r\n\r\n\t        \t        \t<h2 class=\"main-heading\">Systeme nach Ihren\nBed\u00fcrfnissen<\/h2>\r\n\t        \t    <\/div>\r\n\t    \t\t\t\t<\/div>\n\t\t\t\t<\/div>\n\t\t\t\t<div class=\"elementor-element elementor-element-b168875 elementor-widget elementor-widget-text-editor\" data-id=\"b168875\" data-element_type=\"widget\" data-e-type=\"widget\" data-widget_type=\"text-editor.default\">\n\t\t\t\t<div class=\"elementor-widget-container\">\n\t\t\t\t\t\t\t\t\t<p>Bei uns bekommen Sie nur das, was Sie auch w\u00fcnschen. Sei es der preiswerte Einsteiger PC oder der High End Gamer Rechner. Wir beraten Sie kompetent in allen Fragen. Selbstverst\u00e4ndlich f\u00fchren wir auch s\u00e4mtliche Upgrades durch. Vom Arbeitsspeicher, Grafikkarten, Prozessor und vieles mehr.<\/p>\t\t\t\t\t\t\t\t<\/div>\n\t\t\t\t<\/div>\n\t\t\t\t\t<\/div>\n\t\t<\/div>\n\t\t\t\t<div class=\"elementor-column elementor-col-50 elementor-top-column elementor-element elementor-element-12b88211 ot-flex-column-vertical\" data-id=\"12b88211\" data-element_type=\"column\" data-e-type=\"column\">\n\t\t\t<div class=\"elementor-widget-wrap elementor-element-populated\">\n\t\t\t\t\t\t<div class=\"elementor-element elementor-element-368af16c elementor-widget elementor-widget-image\" data-id=\"368af16c\" data-element_type=\"widget\" data-e-type=\"widget\" data-widget_type=\"image.default\">\n\t\t\t\t<div class=\"elementor-widget-container\">\n\t\t\t\t\t\t\t\t\t\t\t\t\t\t\t<img fetchpriority=\"high\" decoding=\"async\" width=\"4154\" height=\"5000\" src=\"https:\/\/virtual-basement.de\/wp-content\/uploads\/2020\/04\/Hund.jpg\" class=\"attachment-full size-full wp-image-12054\" alt=\"\" srcset=\"https:\/\/virtual-basement.de\/wp-content\/uploads\/2020\/04\/Hund.jpg 4154w, https:\/\/virtual-basement.de\/wp-content\/uploads\/2020\/04\/Hund-1x1.jpg 1w, https:\/\/virtual-basement.de\/wp-content\/uploads\/2020\/04\/Hund-424x510.jpg 424w, https:\/\/virtual-basement.de\/wp-content\/uploads\/2020\/04\/Hund-768x924.jpg 768w, https:\/\/virtual-basement.de\/wp-content\/uploads\/2020\/04\/Hund-748x900.jpg 748w, https:\/\/virtual-basement.de\/wp-content\/uploads\/2020\/04\/Hund-780x939.jpg 780w\" sizes=\"(max-width: 4154px) 100vw, 4154px\" \/>\t\t\t\t\t\t\t\t\t\t\t\t\t\t\t<\/div>\n\t\t\t\t<\/div>\n\t\t\t\t\t<\/div>\n\t\t<\/div>\n\t\t\t\t\t<\/div>\n\t\t<\/section>\n\t\t\t\t<\/div>\n\t\t","protected":false},"excerpt":{"rendered":"<p>Wir h\u00f6ren zu Systeme nach Ihren Bed\u00fcrfnissen Bei uns bekommen Sie nur das, was Sie auch w\u00fcnschen. Sei es der preiswerte Einsteiger PC oder der High End Gamer Rechner. Wir beraten Sie kompetent in allen Fragen. Selbstverst\u00e4ndlich f\u00fchren wir auch s\u00e4mtliche Upgrades durch. Vom Arbeitsspeicher, Grafikkarten, Prozessor und vieles mehr.<\/p>\n","protected":false},"author":1,"featured_media":0,"parent":0,"menu_order":0,"comment_status":"closed","ping_status":"closed","template":"","meta":{"footnotes":""},"class_list":["post-2654","page","type-page","status-publish","hentry"],"aioseo_notices":[],"_links":{"self":[{"href":"https:\/\/virtual-basement.de\/index.php?rest_route=\/wp\/v2\/pages\/2654","targetHints":{"allow":["GET"]}}],"collection":[{"href":"https:\/\/virtual-basement.de\/index.php?rest_route=\/wp\/v2\/pages"}],"about":[{"href":"https:\/\/virtual-basement.de\/index.php?rest_route=\/wp\/v2\/types\/page"}],"author":[{"embeddable":true,"href":"https:\/\/virtual-basement.de\/index.php?rest_route=\/wp\/v2\/users\/1"}],"replies":[{"embeddable":true,"href":"https:\/\/virtual-basement.de\/index.php?rest_route=%2Fwp%2Fv2%2Fcomments&post=2654"}],"version-history":[{"count":4,"href":"https:\/\/virtual-basement.de\/index.php?rest_route=\/wp\/v2\/pages\/2654\/revisions"}],"predecessor-version":[{"id":12056,"href":"https:\/\/virtual-basement.de\/index.php?rest_route=\/wp\/v2\/pages\/2654\/revisions\/12056"}],"wp:attachment":[{"href":"https:\/\/virtual-basement.de\/index.php?rest_route=%2Fwp%2Fv2%2Fmedia&parent=2654"}],"curies":[{"name":"wp","href":"https:\/\/api.w.org\/{rel}","templated":true}]}}