{"id":2525,"date":"2020-02-24T08:17:58","date_gmt":"2020-02-24T08:17:58","guid":{"rendered":"http:\/\/wpdemo.archiwp.com\/onum\/?page_id=2525"},"modified":"2020-04-16T12:24:37","modified_gmt":"2020-04-16T12:24:37","slug":"home-8","status":"publish","type":"page","link":"https:\/\/virtual-basement.de\/?page_id=2525","title":{"rendered":"Home 8"},"content":{"rendered":"\t\t<div data-elementor-type=\"wp-page\" data-elementor-id=\"2525\" class=\"elementor elementor-2525\">\n\t\t\t\t\t\t<section class=\"elementor-section elementor-top-section elementor-element elementor-element-6fa3b79 elementor-section-full_width elementor-section-content-middle elementor-section-height-default elementor-section-height-default\" data-id=\"6fa3b79\" data-element_type=\"section\" data-e-type=\"section\" data-settings=\"{&quot;background_background&quot;:&quot;classic&quot;}\">\n\t\t\t\t\t\t\t<div class=\"elementor-background-overlay\"><\/div>\n\t\t\t\t\t\t\t<div class=\"elementor-container elementor-column-gap-extended\">\n\t\t\t\t\t<div class=\"elementor-column elementor-col-100 elementor-top-column elementor-element elementor-element-bfab1ae ot-flex-column-vertical\" data-id=\"bfab1ae\" data-element_type=\"column\" data-e-type=\"column\">\n\t\t\t<div class=\"elementor-widget-wrap\">\n\t\t\t\t\t\t\t<\/div>\n\t\t<\/div>\n\t\t\t\t\t<\/div>\n\t\t<\/section>\n\t\t\t\t<section class=\"elementor-section elementor-top-section elementor-element elementor-element-100fa73 elementor-section-content-middle elementor-section-boxed elementor-section-height-default elementor-section-height-default\" data-id=\"100fa73\" data-element_type=\"section\" data-e-type=\"section\" data-settings=\"{&quot;background_background&quot;:&quot;classic&quot;}\">\n\t\t\t\t\t\t<div class=\"elementor-container elementor-column-gap-extended\">\n\t\t\t\t\t<div class=\"elementor-column elementor-col-100 elementor-top-column elementor-element elementor-element-151b57f ot-flex-column-vertical\" data-id=\"151b57f\" data-element_type=\"column\" data-e-type=\"column\">\n\t\t\t<div class=\"elementor-widget-wrap elementor-element-populated\">\n\t\t\t\t\t\t<section class=\"elementor-section elementor-inner-section elementor-element elementor-element-5436a8a elementor-section-full_width elementor-section-content-middle elementor-section-height-default elementor-section-height-default\" data-id=\"5436a8a\" data-element_type=\"section\" data-e-type=\"section\">\n\t\t\t\t\t\t<div class=\"elementor-container elementor-column-gap-extended\">\n\t\t\t\t\t<div class=\"elementor-column elementor-col-50 elementor-inner-column elementor-element elementor-element-5517ffd ot-flex-column-vertical\" data-id=\"5517ffd\" data-element_type=\"column\" data-e-type=\"column\">\n\t\t\t<div class=\"elementor-widget-wrap elementor-element-populated\">\n\t\t\t\t\t\t<div class=\"elementor-element elementor-element-0ed6bcb elementor-widget elementor-widget-iheading\" data-id=\"0ed6bcb\" data-element_type=\"widget\" data-e-type=\"widget\" data-widget_type=\"iheading.default\">\n\t\t\t\t<div class=\"elementor-widget-container\">\n\t\t\t\t\t\t\t<div class=\"ot-heading left-align\">\r\n\t\t\t\r\n\t\t\t\t\r\n\r\n\t        \t            <h6 class=\"sub-heading\"><span>Unser Service<\/span><\/h6>\r\n\t         \r\n\r\n\t        \t        \t<h2 class=\"main-heading\">Unsere IT Spezialisten <br>\nbei Ihnen vor Ort<\/h2>\r\n\t        \t    <\/div>\r\n\t    \t\t\t\t<\/div>\n\t\t\t\t<\/div>\n\t\t\t\t<section class=\"elementor-section elementor-inner-section elementor-element elementor-element-7b53780 elementor-section-full_width elementor-section-height-default elementor-section-height-default\" data-id=\"7b53780\" data-element_type=\"section\" data-e-type=\"section\">\n\t\t\t\t\t\t<div class=\"elementor-container elementor-column-gap-extended\">\n\t\t\t\t\t<div class=\"elementor-column elementor-col-100 elementor-inner-column elementor-element elementor-element-70fb4b1 ot-flex-column-vertical\" data-id=\"70fb4b1\" data-element_type=\"column\" data-e-type=\"column\">\n\t\t\t<div class=\"elementor-widget-wrap elementor-element-populated\">\n\t\t\t\t\t\t<div class=\"elementor-element elementor-element-203e845 elementor-widget elementor-widget-heading\" data-id=\"203e845\" data-element_type=\"widget\" data-e-type=\"widget\" data-widget_type=\"heading.default\">\n\t\t\t\t<div class=\"elementor-widget-container\">\n\t\t\t\t\t<h5 class=\"elementor-heading-title elementor-size-default\">F\u00fcr Firmen und Endverbraucher<\/h5>\t\t\t\t<\/div>\n\t\t\t\t<\/div>\n\t\t\t\t<div class=\"elementor-element elementor-element-c390a12 elementor-widget elementor-widget-heading\" data-id=\"c390a12\" data-element_type=\"widget\" data-e-type=\"widget\" data-widget_type=\"heading.default\">\n\t\t\t\t<div class=\"elementor-widget-container\">\n\t\t\t\t\t<h5 class=\"elementor-heading-title elementor-size-default\">Gro\u00dfer Service zum Top Preis<\/h5>\t\t\t\t<\/div>\n\t\t\t\t<\/div>\n\t\t\t\t<div class=\"elementor-element elementor-element-320991a elementor-widget elementor-widget-text-editor\" data-id=\"320991a\" data-element_type=\"widget\" data-e-type=\"widget\" data-widget_type=\"text-editor.default\">\n\t\t\t\t<div class=\"elementor-widget-container\">\n\t\t\t\t\t\t\t\t\t<p>Sie k\u00f6nnen nicht in eine unserer Filialen kommen? Es bedarf ein Projekt direkt bei Ihnen vor Ort? Kein Problem. Unsere IT Spezialisten von Virtual Basement kommen zu Ihnen nach Hause.\u00a0<\/p>\t\t\t\t\t\t\t\t<\/div>\n\t\t\t\t<\/div>\n\t\t\t\t\t<\/div>\n\t\t<\/div>\n\t\t\t\t\t<\/div>\n\t\t<\/section>\n\t\t\t\t\t<\/div>\n\t\t<\/div>\n\t\t\t\t<div class=\"elementor-column elementor-col-50 elementor-inner-column elementor-element elementor-element-8b63da7 ot-flex-column-vertical\" data-id=\"8b63da7\" data-element_type=\"column\" data-e-type=\"column\">\n\t\t\t<div class=\"elementor-widget-wrap elementor-element-populated\">\n\t\t\t\t\t\t<div class=\"elementor-element elementor-element-02487d9 elementor-widget elementor-widget-image\" data-id=\"02487d9\" data-element_type=\"widget\" data-e-type=\"widget\" data-widget_type=\"image.default\">\n\t\t\t\t<div class=\"elementor-widget-container\">\n\t\t\t\t\t\t\t\t\t\t\t\t\t\t\t<img fetchpriority=\"high\" decoding=\"async\" width=\"4000\" height=\"2500\" src=\"https:\/\/virtual-basement.de\/wp-content\/uploads\/2020\/04\/Auto2.png\" class=\"attachment-full size-full wp-image-12105\" alt=\"\" srcset=\"https:\/\/virtual-basement.de\/wp-content\/uploads\/2020\/04\/Auto2.png 4000w, https:\/\/virtual-basement.de\/wp-content\/uploads\/2020\/04\/Auto2-1x1.png 1w, https:\/\/virtual-basement.de\/wp-content\/uploads\/2020\/04\/Auto2-510x319.png 510w, https:\/\/virtual-basement.de\/wp-content\/uploads\/2020\/04\/Auto2-768x480.png 768w, https:\/\/virtual-basement.de\/wp-content\/uploads\/2020\/04\/Auto2-900x563.png 900w, https:\/\/virtual-basement.de\/wp-content\/uploads\/2020\/04\/Auto2-780x488.png 780w\" sizes=\"(max-width: 4000px) 100vw, 4000px\" \/>\t\t\t\t\t\t\t\t\t\t\t\t\t\t\t<\/div>\n\t\t\t\t<\/div>\n\t\t\t\t\t<\/div>\n\t\t<\/div>\n\t\t\t\t\t<\/div>\n\t\t<\/section>\n\t\t\t\t\t<\/div>\n\t\t<\/div>\n\t\t\t\t\t<\/div>\n\t\t<\/section>\n\t\t\t\t<\/div>\n\t\t","protected":false},"excerpt":{"rendered":"<p>Unser Service Unsere IT Spezialisten bei Ihnen vor Ort F\u00fcr Firmen und Endverbraucher Gro\u00dfer Service zum Top Preis Sie k\u00f6nnen nicht in eine unserer Filialen kommen? Es bedarf ein Projekt direkt bei Ihnen vor Ort? Kein Problem. Unsere IT Spezialisten von Virtual Basement kommen zu Ihnen nach Hause.<\/p>\n","protected":false},"author":1,"featured_media":0,"parent":0,"menu_order":0,"comment_status":"closed","ping_status":"closed","template":"","meta":{"footnotes":""},"class_list":["post-2525","page","type-page","status-publish","hentry"],"aioseo_notices":[],"_links":{"self":[{"href":"https:\/\/virtual-basement.de\/index.php?rest_route=\/wp\/v2\/pages\/2525","targetHints":{"allow":["GET"]}}],"collection":[{"href":"https:\/\/virtual-basement.de\/index.php?rest_route=\/wp\/v2\/pages"}],"about":[{"href":"https:\/\/virtual-basement.de\/index.php?rest_route=\/wp\/v2\/types\/page"}],"author":[{"embeddable":true,"href":"https:\/\/virtual-basement.de\/index.php?rest_route=\/wp\/v2\/users\/1"}],"replies":[{"embeddable":true,"href":"https:\/\/virtual-basement.de\/index.php?rest_route=%2Fwp%2Fv2%2Fcomments&post=2525"}],"version-history":[{"count":12,"href":"https:\/\/virtual-basement.de\/index.php?rest_route=\/wp\/v2\/pages\/2525\/revisions"}],"predecessor-version":[{"id":12168,"href":"https:\/\/virtual-basement.de\/index.php?rest_route=\/wp\/v2\/pages\/2525\/revisions\/12168"}],"wp:attachment":[{"href":"https:\/\/virtual-basement.de\/index.php?rest_route=%2Fwp%2Fv2%2Fmedia&parent=2525"}],"curies":[{"name":"wp","href":"https:\/\/api.w.org\/{rel}","templated":true}]}}